{"id":1228,"date":"2023-09-10T16:02:25","date_gmt":"2023-09-10T16:02:25","guid":{"rendered":"https:\/\/solucionesonline360.com\/?page_id=1228"},"modified":"2023-09-22T16:29:08","modified_gmt":"2023-09-22T16:29:08","slug":"preguntas","status":"publish","type":"page","link":"https:\/\/solucionesonline360.com\/index.php\/preguntas\/","title":{"rendered":"Preguntas"},"content":{"rendered":"\t\t<div data-elementor-type=\"wp-page\" data-elementor-id=\"1228\" class=\"elementor elementor-1228\" data-elementor-post-type=\"page\">\n\t\t\t\t\t\t<section class=\"elementor-section elementor-top-section elementor-element elementor-element-3641b46a elementor-section-height-min-height elementor-section-boxed elementor-section-height-default elementor-section-items-middle\" data-id=\"3641b46a\" data-element_type=\"section\" data-e-type=\"section\" data-settings=\"{&quot;background_background&quot;:&quot;classic&quot;}\">\n\t\t\t\t\t\t\t<div class=\"elementor-background-overlay\"><\/div>\n\t\t\t\t\t\t\t<div class=\"elementor-container elementor-column-gap-default\">\n\t\t\t\t\t<div class=\"elementor-column elementor-col-100 elementor-top-column elementor-element elementor-element-454d2a9\" data-id=\"454d2a9\" data-element_type=\"column\" data-e-type=\"column\">\n\t\t\t<div class=\"elementor-widget-wrap elementor-element-populated\">\n\t\t\t\t\t\t<div class=\"elementor-element elementor-element-2d89ef5e elementor-widget__width-auto elementor-invisible elementor-widget elementor-widget-heading\" data-id=\"2d89ef5e\" data-element_type=\"widget\" data-e-type=\"widget\" data-settings=\"{&quot;_animation&quot;:&quot;fadeIn&quot;,&quot;_animation_delay&quot;:200}\" data-widget_type=\"heading.default\">\n\t\t\t\t<div class=\"elementor-widget-container\">\n\t\t\t\t\t<div class=\"elementor-heading-title elementor-size-default\"><a href=\"https:\/\/solucionesonline360.com\">Home<\/a><\/div>\t\t\t\t<\/div>\n\t\t\t\t<\/div>\n\t\t\t\t<div class=\"elementor-element elementor-element-6ea9574f elementor-widget__width-auto elementor-view-default elementor-invisible elementor-widget elementor-widget-icon\" data-id=\"6ea9574f\" data-element_type=\"widget\" data-e-type=\"widget\" data-settings=\"{&quot;_animation&quot;:&quot;fadeIn&quot;,&quot;_animation_delay&quot;:400}\" data-widget_type=\"icon.default\">\n\t\t\t\t<div class=\"elementor-widget-container\">\n\t\t\t\t\t\t\t<div class=\"elementor-icon-wrapper\">\n\t\t\t<div class=\"elementor-icon\">\n\t\t\t<i aria-hidden=\"true\" class=\"fas fa-angle-right\"><\/i>\t\t\t<\/div>\n\t\t<\/div>\n\t\t\t\t\t\t<\/div>\n\t\t\t\t<\/div>\n\t\t\t\t\t<\/div>\n\t\t<\/div>\n\t\t\t\t\t<\/div>\n\t\t<\/section>\n\t\t\t\t<section class=\"elementor-section elementor-top-section elementor-element elementor-element-70a9c026 elementor-section-boxed elementor-section-height-default elementor-section-height-default\" data-id=\"70a9c026\" data-element_type=\"section\" data-e-type=\"section\">\n\t\t\t\t\t\t<div class=\"elementor-container elementor-column-gap-default\">\n\t\t\t\t\t<div class=\"elementor-column elementor-col-50 elementor-top-column elementor-element elementor-element-7c8340c9 elementor-invisible\" data-id=\"7c8340c9\" data-element_type=\"column\" data-e-type=\"column\" data-settings=\"{&quot;animation&quot;:&quot;fadeInUp&quot;}\">\n\t\t\t<div class=\"elementor-widget-wrap elementor-element-populated\">\n\t\t\t\t\t\t<div class=\"elementor-element elementor-element-4a01113f elementor-widget elementor-widget-heading\" data-id=\"4a01113f\" data-element_type=\"widget\" data-e-type=\"widget\" data-widget_type=\"heading.default\">\n\t\t\t\t<div class=\"elementor-widget-container\">\n\t\t\t\t\t<h2 class=\"elementor-heading-title elementor-size-default\">Nuestras ubicaciones<\/h2>\t\t\t\t<\/div>\n\t\t\t\t<\/div>\n\t\t\t\t<section class=\"elementor-section elementor-inner-section elementor-element elementor-element-52ab7959 elementor-section-boxed elementor-section-height-default elementor-section-height-default\" data-id=\"52ab7959\" data-element_type=\"section\" data-e-type=\"section\">\n\t\t\t\t\t\t<div class=\"elementor-container elementor-column-gap-default\">\n\t\t\t\t\t<div class=\"elementor-column elementor-col-100 elementor-inner-column elementor-element elementor-element-32cdddd7\" data-id=\"32cdddd7\" data-element_type=\"column\" data-e-type=\"column\" data-settings=\"{&quot;background_background&quot;:&quot;classic&quot;}\">\n\t\t\t<div class=\"elementor-widget-wrap elementor-element-populated\">\n\t\t\t\t\t\t<div class=\"elementor-element elementor-element-4f156ca3 elementor-widget elementor-widget-icon-box\" data-id=\"4f156ca3\" data-element_type=\"widget\" data-e-type=\"widget\" data-widget_type=\"icon-box.default\">\n\t\t\t\t<div class=\"elementor-widget-container\">\n\t\t\t\t\t\t\t<div class=\"elementor-icon-box-wrapper\">\n\n\t\t\t\n\t\t\t\t\t\t<div class=\"elementor-icon-box-content\">\n\n\t\t\t\t\t\t\t\t\t<h3 class=\"elementor-icon-box-title\">\n\t\t\t\t\t\t<span  >\n\t\t\t\t\t\t\tC\u00facuta \t\t\t\t\t\t<\/span>\n\t\t\t\t\t<\/h3>\n\t\t\t\t\n\t\t\t\t\t\t\t\t\t<p class=\"elementor-icon-box-description\">\n\t\t\t\t\t\tNorte De Santander\t\t\t\t\t<\/p>\n\t\t\t\t\n\t\t\t<\/div>\n\t\t\t\n\t\t<\/div>\n\t\t\t\t\t\t<\/div>\n\t\t\t\t<\/div>\n\t\t\t\t<div class=\"elementor-element elementor-element-67130213 elementor-icon-list--layout-traditional elementor-list-item-link-full_width elementor-widget elementor-widget-icon-list\" data-id=\"67130213\" data-element_type=\"widget\" data-e-type=\"widget\" data-widget_type=\"icon-list.default\">\n\t\t\t\t<div class=\"elementor-widget-container\">\n\t\t\t\t\t\t\t<ul class=\"elementor-icon-list-items\">\n\t\t\t\t\t\t\t<li class=\"elementor-icon-list-item\">\n\t\t\t\t\t\t\t\t\t\t\t<span class=\"elementor-icon-list-icon\">\n\t\t\t\t\t\t\t<i aria-hidden=\"true\" class=\"fas fa-map-marker-alt\"><\/i>\t\t\t\t\t\t<\/span>\n\t\t\t\t\t\t\t\t\t\t<span class=\"elementor-icon-list-text\">3175 Harper Street - Heath<\/span>\n\t\t\t\t\t\t\t\t\t<\/li>\n\t\t\t\t\t\t\t\t<li class=\"elementor-icon-list-item\">\n\t\t\t\t\t\t\t\t\t\t\t<a href=\"https:\/\/api.whatsapp.com\/send?phone=573134582101&#038;text=Me%20interesa%20saber%20mas%20sobre:\">\n\n\t\t\t\t\t\t\t\t\t\t\t\t<span class=\"elementor-icon-list-icon\">\n\t\t\t\t\t\t\t<i aria-hidden=\"true\" class=\"fab fa-whatsapp\"><\/i>\t\t\t\t\t\t<\/span>\n\t\t\t\t\t\t\t\t\t\t<span class=\"elementor-icon-list-text\">+57 3134582101<\/span>\n\t\t\t\t\t\t\t\t\t\t\t<\/a>\n\t\t\t\t\t\t\t\t\t<\/li>\n\t\t\t\t\t\t<\/ul>\n\t\t\t\t\t\t<\/div>\n\t\t\t\t<\/div>\n\t\t\t\t\t<\/div>\n\t\t<\/div>\n\t\t\t\t\t<\/div>\n\t\t<\/section>\n\t\t\t\t<div class=\"elementor-element elementor-element-5331fcff elementor-widget elementor-widget-google_maps\" data-id=\"5331fcff\" data-element_type=\"widget\" data-e-type=\"widget\" data-widget_type=\"google_maps.default\">\n\t\t\t\t<div class=\"elementor-widget-container\">\n\t\t\t\t\t\t\t<div class=\"elementor-custom-embed\">\n\t\t\t<iframe loading=\"lazy\"\n\t\t\t\t\tsrc=\"https:\/\/maps.google.com\/maps?q=Cucuta&#038;t=m&#038;z=10&#038;output=embed&#038;iwloc=near\"\n\t\t\t\t\ttitle=\"Cucuta\"\n\t\t\t\t\taria-label=\"Cucuta\"\n\t\t\t><\/iframe>\n\t\t<\/div>\n\t\t\t\t\t\t<\/div>\n\t\t\t\t<\/div>\n\t\t\t\t\t<\/div>\n\t\t<\/div>\n\t\t\t\t<div class=\"elementor-column elementor-col-50 elementor-top-column elementor-element elementor-element-7493a98a elementor-invisible\" data-id=\"7493a98a\" data-element_type=\"column\" data-e-type=\"column\" data-settings=\"{&quot;animation&quot;:&quot;fadeInUp&quot;,&quot;animation_delay&quot;:200}\">\n\t\t\t<div class=\"elementor-widget-wrap elementor-element-populated\">\n\t\t\t\t\t\t<div class=\"elementor-element elementor-element-26b9c9db elementor-widget elementor-widget-heading\" data-id=\"26b9c9db\" data-element_type=\"widget\" data-e-type=\"widget\" data-widget_type=\"heading.default\">\n\t\t\t\t<div class=\"elementor-widget-container\">\n\t\t\t\t\t<div class=\"elementor-heading-title elementor-size-default\">PREGUNTAS  FRECUENTES<\/div>\t\t\t\t<\/div>\n\t\t\t\t<\/div>\n\t\t\t\t<div class=\"elementor-element elementor-element-21f15159 elementor-widget elementor-widget-heading\" data-id=\"21f15159\" data-element_type=\"widget\" data-e-type=\"widget\" data-widget_type=\"heading.default\">\n\t\t\t\t<div class=\"elementor-widget-container\">\n\t\t\t\t\t<h4 class=\"elementor-heading-title elementor-size-default\">Preguntas Frecuentes<\/h4>\t\t\t\t<\/div>\n\t\t\t\t<\/div>\n\t\t\t\t<div class=\"elementor-element elementor-element-8f418b9 elementor-widget elementor-widget-accordion\" data-id=\"8f418b9\" data-element_type=\"widget\" data-e-type=\"widget\" data-widget_type=\"accordion.default\">\n\t\t\t\t<div class=\"elementor-widget-container\">\n\t\t\t\t\t\t\t<div class=\"elementor-accordion\">\n\t\t\t\t\t\t\t<div class=\"elementor-accordion-item\">\n\t\t\t\t\t<div id=\"elementor-tab-title-1501\" class=\"elementor-tab-title\" data-tab=\"1\" role=\"button\" aria-controls=\"elementor-tab-content-1501\" aria-expanded=\"false\">\n\t\t\t\t\t\t\t\t\t\t\t\t\t<span class=\"elementor-accordion-icon elementor-accordion-icon-right\" aria-hidden=\"true\">\n\t\t\t\t\t\t\t\t\t\t\t\t\t\t\t<span class=\"elementor-accordion-icon-closed\"><i class=\"fas fa-plus\"><\/i><\/span>\n\t\t\t\t\t\t\t\t<span class=\"elementor-accordion-icon-opened\"><i class=\"fas fa-minus\"><\/i><\/span>\n\t\t\t\t\t\t\t\t\t\t\t\t\t\t<\/span>\n\t\t\t\t\t\t\t\t\t\t\t\t<a class=\"elementor-accordion-title\" tabindex=\"0\">\u00bfCu\u00e1nto tiempo tomar\u00e1 dise\u00f1ar y desarrollar mi sitio web?<\/a>\n\t\t\t\t\t<\/div>\n\t\t\t\t\t<div id=\"elementor-tab-content-1501\" class=\"elementor-tab-content elementor-clearfix\" data-tab=\"1\" role=\"region\" aria-labelledby=\"elementor-tab-title-1501\"><p>El tiempo necesario para dise\u00f1ar y desarrollar su sitio web depender\u00e1 de varios factores, incluyendo la complejidad del proyecto, la cantidad de p\u00e1ginas y caracter\u00edsticas que desee, y la rapidez con la que podamos obtener todos los materiales necesarios, como contenido y recursos gr\u00e1ficos.\u00a0<\/p><p>Estaremos encantados de discutir en detalle sus requerimientos y objetivos para proporcionarle una estimaci\u00f3n m\u00e1s precisa del tiempo necesario. Nuestro objetivo es entregar un sitio web de alta calidad en el menor tiempo posible, sin comprometer la calidad del dise\u00f1o y la funcionalidad.\u00bb<\/p><\/div>\n\t\t\t\t<\/div>\n\t\t\t\t\t\t\t<div class=\"elementor-accordion-item\">\n\t\t\t\t\t<div id=\"elementor-tab-title-1502\" class=\"elementor-tab-title\" data-tab=\"2\" role=\"button\" aria-controls=\"elementor-tab-content-1502\" aria-expanded=\"false\">\n\t\t\t\t\t\t\t\t\t\t\t\t\t<span class=\"elementor-accordion-icon elementor-accordion-icon-right\" aria-hidden=\"true\">\n\t\t\t\t\t\t\t\t\t\t\t\t\t\t\t<span class=\"elementor-accordion-icon-closed\"><i class=\"fas fa-plus\"><\/i><\/span>\n\t\t\t\t\t\t\t\t<span class=\"elementor-accordion-icon-opened\"><i class=\"fas fa-minus\"><\/i><\/span>\n\t\t\t\t\t\t\t\t\t\t\t\t\t\t<\/span>\n\t\t\t\t\t\t\t\t\t\t\t\t<a class=\"elementor-accordion-title\" tabindex=\"0\">Ofrecen opciones de hosting y mantenimiento?<\/a>\n\t\t\t\t\t<\/div>\n\t\t\t\t\t<div id=\"elementor-tab-content-1502\" class=\"elementor-tab-content elementor-clearfix\" data-tab=\"2\" role=\"region\" aria-labelledby=\"elementor-tab-title-1502\"><p>S\u00ed, ofrecemos servicios de hosting y mantenimiento para su sitio web. Nuestra empresa proporciona soluciones integrales para garantizar que su sitio web est\u00e9 seguro, actualizado y funcionando sin problemas.<\/p><\/div>\n\t\t\t\t<\/div>\n\t\t\t\t\t\t\t<div class=\"elementor-accordion-item\">\n\t\t\t\t\t<div id=\"elementor-tab-title-1503\" class=\"elementor-tab-title\" data-tab=\"3\" role=\"button\" aria-controls=\"elementor-tab-content-1503\" aria-expanded=\"false\">\n\t\t\t\t\t\t\t\t\t\t\t\t\t<span class=\"elementor-accordion-icon elementor-accordion-icon-right\" aria-hidden=\"true\">\n\t\t\t\t\t\t\t\t\t\t\t\t\t\t\t<span class=\"elementor-accordion-icon-closed\"><i class=\"fas fa-plus\"><\/i><\/span>\n\t\t\t\t\t\t\t\t<span class=\"elementor-accordion-icon-opened\"><i class=\"fas fa-minus\"><\/i><\/span>\n\t\t\t\t\t\t\t\t\t\t\t\t\t\t<\/span>\n\t\t\t\t\t\t\t\t\t\t\t\t<a class=\"elementor-accordion-title\" tabindex=\"0\">\u00bfOfrecen servicios de dise\u00f1o de logotipos?<\/a>\n\t\t\t\t\t<\/div>\n\t\t\t\t\t<div id=\"elementor-tab-content-1503\" class=\"elementor-tab-content elementor-clearfix\" data-tab=\"3\" role=\"region\" aria-labelledby=\"elementor-tab-title-1503\"><p>S\u00ed, ofrecemos servicios de dise\u00f1o de logotipos. Sabemos que un logotipo s\u00f3lido y atractivo es fundamental para la identidad de su marca y para transmitir su mensaje de manera efectiva. Nuestro equipo de dise\u00f1adores gr\u00e1ficos altamente capacitados est\u00e1 listo para trabajar en colaboraci\u00f3n con usted para crear un logotipo que represente su visi\u00f3n y valores.<\/p><\/div>\n\t\t\t\t<\/div>\n\t\t\t\t\t\t\t<div class=\"elementor-accordion-item\">\n\t\t\t\t\t<div id=\"elementor-tab-title-1504\" class=\"elementor-tab-title\" data-tab=\"4\" role=\"button\" aria-controls=\"elementor-tab-content-1504\" aria-expanded=\"false\">\n\t\t\t\t\t\t\t\t\t\t\t\t\t<span class=\"elementor-accordion-icon elementor-accordion-icon-right\" aria-hidden=\"true\">\n\t\t\t\t\t\t\t\t\t\t\t\t\t\t\t<span class=\"elementor-accordion-icon-closed\"><i class=\"fas fa-plus\"><\/i><\/span>\n\t\t\t\t\t\t\t\t<span class=\"elementor-accordion-icon-opened\"><i class=\"fas fa-minus\"><\/i><\/span>\n\t\t\t\t\t\t\t\t\t\t\t\t\t\t<\/span>\n\t\t\t\t\t\t\t\t\t\t\t\t<a class=\"elementor-accordion-title\" tabindex=\"0\">\u00bfPueden ayudarme con la selecci\u00f3n de dominio y registro?<\/a>\n\t\t\t\t\t<\/div>\n\t\t\t\t\t<div id=\"elementor-tab-content-1504\" class=\"elementor-tab-content elementor-clearfix\" data-tab=\"4\" role=\"region\" aria-labelledby=\"elementor-tab-title-1504\"><p>S\u00ed, estamos aqu\u00ed para ayudarlo con la selecci\u00f3n y registro de un nombre de dominio adecuado para su sitio web. Elegir el nombre de dominio correcto es esencial, ya que ser\u00e1 la direcci\u00f3n en l\u00ednea de su negocio y una parte fundamental de su identidad en Internet.<\/p><\/div>\n\t\t\t\t<\/div>\n\t\t\t\t\t\t\t<div class=\"elementor-accordion-item\">\n\t\t\t\t\t<div id=\"elementor-tab-title-1505\" class=\"elementor-tab-title\" data-tab=\"5\" role=\"button\" aria-controls=\"elementor-tab-content-1505\" aria-expanded=\"false\">\n\t\t\t\t\t\t\t\t\t\t\t\t\t<span class=\"elementor-accordion-icon elementor-accordion-icon-right\" aria-hidden=\"true\">\n\t\t\t\t\t\t\t\t\t\t\t\t\t\t\t<span class=\"elementor-accordion-icon-closed\"><i class=\"fas fa-plus\"><\/i><\/span>\n\t\t\t\t\t\t\t\t<span class=\"elementor-accordion-icon-opened\"><i class=\"fas fa-minus\"><\/i><\/span>\n\t\t\t\t\t\t\t\t\t\t\t\t\t\t<\/span>\n\t\t\t\t\t\t\t\t\t\t\t\t<a class=\"elementor-accordion-title\" tabindex=\"0\">\u00bfQu\u00e9 servicios incluye el dise\u00f1o web?<\/a>\n\t\t\t\t\t<\/div>\n\t\t\t\t\t<div id=\"elementor-tab-content-1505\" class=\"elementor-tab-content elementor-clearfix\" data-tab=\"5\" role=\"region\" aria-labelledby=\"elementor-tab-title-1505\"><p>Nuestros servicios de dise\u00f1o web incluyen una amplia gama de soluciones para satisfacer sus necesidades espec\u00edficas. Estos servicios abarcan:<\/p><ol><li><strong>Dise\u00f1o Visual Atractiv<\/strong>o: Creamos dise\u00f1os atractivos y personalizados que se ajustan a la identidad de su marca.<\/li><li><strong>Desarrollo Web<\/strong>: Codificamos y desarrollamos el sitio web utilizando tecnolog\u00edas modernas y plataformas como WordPress.<\/li><li><strong>Responsive Design<\/strong>: Nos aseguramos de que su sitio web sea completamente compatible con dispositivos m\u00f3viles para una experiencia \u00f3ptima en smartphones y tablets.<\/li><li><strong>Optimizaci\u00f3n para SEO<\/strong>: Implementamos pr\u00e1cticas recomendadas de SEO para mejorar la visibilidad de su sitio en los motores de b\u00fasqueda.<\/li><li><strong>Integraci\u00f3n de Contenido<\/strong>: Agregamos y organizamos el contenido de su sitio, incluyendo texto, im\u00e1genes, videos y otros elementos multimedia.<\/li><li><strong>Funcionalidades Personalizadas<\/strong>: Desarrollamos caracter\u00edsticas personalizadas seg\u00fan sus necesidades, como formularios de contacto, tiendas en l\u00ednea, foros, blogs, entre otros.<\/li><li><strong>Pruebas y Control de Calidad<\/strong>: Realizamos pruebas exhaustivas para garantizar que su sitio funcione sin problemas en diferentes navegadores y dispositivos.<\/li><\/ol><p>\u00a0<\/p><p>Nuestro objetivo es brindarle un sitio web completo y funcional que cumpla con sus objetivos y requisitos. Trabajamos estrechamente con usted para comprender sus necesidades y personalizar nuestros servicios en consecuencia.\u00bb<\/p><\/div>\n\t\t\t\t<\/div>\n\t\t\t\t\t\t\t\t<\/div>\n\t\t\t\t\t\t<\/div>\n\t\t\t\t<\/div>\n\t\t\t\t\t<\/div>\n\t\t<\/div>\n\t\t\t\t\t<\/div>\n\t\t<\/section>\n\t\t\t\t<\/div>\n\t\t","protected":false},"excerpt":{"rendered":"<p>Home Nuestras ubicaciones C\u00facuta Norte De Santander 3175 Harper Street &#8211; Heath +57 3134582101 PREGUNTAS FRECUENTES Preguntas Frecuentes \u00bfCu\u00e1nto tiempo tomar\u00e1 dise\u00f1ar y desarrollar mi sitio web? El tiempo necesario para dise\u00f1ar y desarrollar su sitio web depender\u00e1 de varios factores, incluyendo la complejidad del proyecto, la cantidad de p\u00e1ginas y caracter\u00edsticas que desee, y [&hellip;]<\/p>\n","protected":false},"author":1,"featured_media":0,"parent":0,"menu_order":0,"comment_status":"closed","ping_status":"closed","template":"","meta":{"_joinchat":[],"footnotes":""},"class_list":["post-1228","page","type-page","status-publish","hentry"],"yoast_head":"<!-- This site is optimized with the Yoast SEO plugin v26.5 - https:\/\/yoast.com\/wordpress\/plugins\/seo\/ -->\n<title>Preguntas | Soluciones Online 360<\/title>\n<meta name=\"robots\" content=\"index, follow, max-snippet:-1, max-image-preview:large, max-video-preview:-1\" \/>\n<link rel=\"canonical\" href=\"https:\/\/solucionesonline360.com\/index.php\/preguntas\/\" \/>\n<meta property=\"og:locale\" content=\"es_ES\" \/>\n<meta property=\"og:type\" content=\"article\" \/>\n<meta property=\"og:title\" content=\"Preguntas | Soluciones Online 360\" \/>\n<meta property=\"og:description\" content=\"Home Nuestras ubicaciones C\u00facuta Norte De Santander 3175 Harper Street &#8211; Heath +57 3134582101 PREGUNTAS FRECUENTES Preguntas Frecuentes \u00bfCu\u00e1nto tiempo tomar\u00e1 dise\u00f1ar y desarrollar mi sitio web? El tiempo necesario para dise\u00f1ar y desarrollar su sitio web depender\u00e1 de varios factores, incluyendo la complejidad del proyecto, la cantidad de p\u00e1ginas y caracter\u00edsticas que desee, y [&hellip;]\" \/>\n<meta property=\"og:url\" content=\"https:\/\/solucionesonline360.com\/index.php\/preguntas\/\" \/>\n<meta property=\"og:site_name\" content=\"Soluciones Online 360\" \/>\n<meta property=\"article:publisher\" content=\"https:\/\/www.facebook.com\/profile.php?id=61555618569663\" \/>\n<meta property=\"article:modified_time\" content=\"2023-09-22T16:29:08+00:00\" \/>\n<meta property=\"og:image\" content=\"https:\/\/solucionesonline360.com\/wp-content\/uploads\/2023\/09\/Logo-Solociones-Online-360-Trasparencia.png\" \/>\n\t<meta property=\"og:image:width\" content=\"500\" \/>\n\t<meta property=\"og:image:height\" content=\"500\" \/>\n\t<meta property=\"og:image:type\" content=\"image\/png\" \/>\n<meta name=\"twitter:card\" content=\"summary_large_image\" \/>\n<meta name=\"twitter:site\" content=\"@S_Online360\" \/>\n<meta name=\"twitter:label1\" content=\"Tiempo de lectura\" \/>\n\t<meta name=\"twitter:data1\" content=\"2 minutos\" \/>\n<script type=\"application\/ld+json\" class=\"yoast-schema-graph\">{\"@context\":\"https:\/\/schema.org\",\"@graph\":[{\"@type\":\"WebPage\",\"@id\":\"https:\/\/solucionesonline360.com\/index.php\/preguntas\/\",\"url\":\"https:\/\/solucionesonline360.com\/index.php\/preguntas\/\",\"name\":\"Preguntas | Soluciones Online 360\",\"isPartOf\":{\"@id\":\"https:\/\/solucionesonline360.com\/#website\"},\"datePublished\":\"2023-09-10T16:02:25+00:00\",\"dateModified\":\"2023-09-22T16:29:08+00:00\",\"breadcrumb\":{\"@id\":\"https:\/\/solucionesonline360.com\/index.php\/preguntas\/#breadcrumb\"},\"inLanguage\":\"es\",\"potentialAction\":[{\"@type\":\"ReadAction\",\"target\":[\"https:\/\/solucionesonline360.com\/index.php\/preguntas\/\"]}]},{\"@type\":\"BreadcrumbList\",\"@id\":\"https:\/\/solucionesonline360.com\/index.php\/preguntas\/#breadcrumb\",\"itemListElement\":[{\"@type\":\"ListItem\",\"position\":1,\"name\":\"Portada\",\"item\":\"https:\/\/solucionesonline360.com\/\"},{\"@type\":\"ListItem\",\"position\":2,\"name\":\"Preguntas\"}]},{\"@type\":\"WebSite\",\"@id\":\"https:\/\/solucionesonline360.com\/#website\",\"url\":\"https:\/\/solucionesonline360.com\/\",\"name\":\"Soluciones Online 360\",\"description\":\"Agencia  Web\",\"publisher\":{\"@id\":\"https:\/\/solucionesonline360.com\/#\/schema\/person\/0ff10b30e862a01d2dacd521f5d62ac7\"},\"alternateName\":\"Agencia Creativa De Paginas Web\",\"potentialAction\":[{\"@type\":\"SearchAction\",\"target\":{\"@type\":\"EntryPoint\",\"urlTemplate\":\"https:\/\/solucionesonline360.com\/?s={search_term_string}\"},\"query-input\":{\"@type\":\"PropertyValueSpecification\",\"valueRequired\":true,\"valueName\":\"search_term_string\"}}],\"inLanguage\":\"es\"},{\"@type\":[\"Person\",\"Organization\"],\"@id\":\"https:\/\/solucionesonline360.com\/#\/schema\/person\/0ff10b30e862a01d2dacd521f5d62ac7\",\"name\":\"erickquevedom\",\"image\":{\"@type\":\"ImageObject\",\"inLanguage\":\"es\",\"@id\":\"https:\/\/solucionesonline360.com\/#\/schema\/person\/image\/\",\"url\":\"https:\/\/solucionesonline360.com\/wp-content\/uploads\/2023\/09\/Logo-Solociones-Online-360-Trasparencia.png\",\"contentUrl\":\"https:\/\/solucionesonline360.com\/wp-content\/uploads\/2023\/09\/Logo-Solociones-Online-360-Trasparencia.png\",\"width\":500,\"height\":500,\"caption\":\"erickquevedom\"},\"logo\":{\"@id\":\"https:\/\/solucionesonline360.com\/#\/schema\/person\/image\/\"},\"description\":\"Transformamos ideas en experiencias digitales. Descubre nuestro enfoque creativo y experto en desarrollo web para tu p\u00e1gina de dise\u00f1o web perfecta.\",\"sameAs\":[\"https:\/\/solucionesonline360.com\",\"https:\/\/www.facebook.com\/profile.php?id=61555618569663\",\"https:\/\/www.instagram.com\/solucionesonline360\/\",\"https:\/\/x.com\/https:\/\/twitter.com\/S_Online360\"]}]}<\/script>\n<!-- \/ Yoast SEO plugin. -->","yoast_head_json":{"title":"Preguntas | Soluciones Online 360","robots":{"index":"index","follow":"follow","max-snippet":"max-snippet:-1","max-image-preview":"max-image-preview:large","max-video-preview":"max-video-preview:-1"},"canonical":"https:\/\/solucionesonline360.com\/index.php\/preguntas\/","og_locale":"es_ES","og_type":"article","og_title":"Preguntas | Soluciones Online 360","og_description":"Home Nuestras ubicaciones C\u00facuta Norte De Santander 3175 Harper Street &#8211; Heath +57 3134582101 PREGUNTAS FRECUENTES Preguntas Frecuentes \u00bfCu\u00e1nto tiempo tomar\u00e1 dise\u00f1ar y desarrollar mi sitio web? El tiempo necesario para dise\u00f1ar y desarrollar su sitio web depender\u00e1 de varios factores, incluyendo la complejidad del proyecto, la cantidad de p\u00e1ginas y caracter\u00edsticas que desee, y [&hellip;]","og_url":"https:\/\/solucionesonline360.com\/index.php\/preguntas\/","og_site_name":"Soluciones Online 360","article_publisher":"https:\/\/www.facebook.com\/profile.php?id=61555618569663","article_modified_time":"2023-09-22T16:29:08+00:00","og_image":[{"width":500,"height":500,"url":"https:\/\/solucionesonline360.com\/wp-content\/uploads\/2023\/09\/Logo-Solociones-Online-360-Trasparencia.png","type":"image\/png"}],"twitter_card":"summary_large_image","twitter_site":"@S_Online360","twitter_misc":{"Tiempo de lectura":"2 minutos"},"schema":{"@context":"https:\/\/schema.org","@graph":[{"@type":"WebPage","@id":"https:\/\/solucionesonline360.com\/index.php\/preguntas\/","url":"https:\/\/solucionesonline360.com\/index.php\/preguntas\/","name":"Preguntas | Soluciones Online 360","isPartOf":{"@id":"https:\/\/solucionesonline360.com\/#website"},"datePublished":"2023-09-10T16:02:25+00:00","dateModified":"2023-09-22T16:29:08+00:00","breadcrumb":{"@id":"https:\/\/solucionesonline360.com\/index.php\/preguntas\/#breadcrumb"},"inLanguage":"es","potentialAction":[{"@type":"ReadAction","target":["https:\/\/solucionesonline360.com\/index.php\/preguntas\/"]}]},{"@type":"BreadcrumbList","@id":"https:\/\/solucionesonline360.com\/index.php\/preguntas\/#breadcrumb","itemListElement":[{"@type":"ListItem","position":1,"name":"Portada","item":"https:\/\/solucionesonline360.com\/"},{"@type":"ListItem","position":2,"name":"Preguntas"}]},{"@type":"WebSite","@id":"https:\/\/solucionesonline360.com\/#website","url":"https:\/\/solucionesonline360.com\/","name":"Soluciones Online 360","description":"Agencia  Web","publisher":{"@id":"https:\/\/solucionesonline360.com\/#\/schema\/person\/0ff10b30e862a01d2dacd521f5d62ac7"},"alternateName":"Agencia Creativa De Paginas Web","potentialAction":[{"@type":"SearchAction","target":{"@type":"EntryPoint","urlTemplate":"https:\/\/solucionesonline360.com\/?s={search_term_string}"},"query-input":{"@type":"PropertyValueSpecification","valueRequired":true,"valueName":"search_term_string"}}],"inLanguage":"es"},{"@type":["Person","Organization"],"@id":"https:\/\/solucionesonline360.com\/#\/schema\/person\/0ff10b30e862a01d2dacd521f5d62ac7","name":"erickquevedom","image":{"@type":"ImageObject","inLanguage":"es","@id":"https:\/\/solucionesonline360.com\/#\/schema\/person\/image\/","url":"https:\/\/solucionesonline360.com\/wp-content\/uploads\/2023\/09\/Logo-Solociones-Online-360-Trasparencia.png","contentUrl":"https:\/\/solucionesonline360.com\/wp-content\/uploads\/2023\/09\/Logo-Solociones-Online-360-Trasparencia.png","width":500,"height":500,"caption":"erickquevedom"},"logo":{"@id":"https:\/\/solucionesonline360.com\/#\/schema\/person\/image\/"},"description":"Transformamos ideas en experiencias digitales. Descubre nuestro enfoque creativo y experto en desarrollo web para tu p\u00e1gina de dise\u00f1o web perfecta.","sameAs":["https:\/\/solucionesonline360.com","https:\/\/www.facebook.com\/profile.php?id=61555618569663","https:\/\/www.instagram.com\/solucionesonline360\/","https:\/\/x.com\/https:\/\/twitter.com\/S_Online360"]}]}},"_links":{"self":[{"href":"https:\/\/solucionesonline360.com\/index.php\/wp-json\/wp\/v2\/pages\/1228","targetHints":{"allow":["GET"]}}],"collection":[{"href":"https:\/\/solucionesonline360.com\/index.php\/wp-json\/wp\/v2\/pages"}],"about":[{"href":"https:\/\/solucionesonline360.com\/index.php\/wp-json\/wp\/v2\/types\/page"}],"author":[{"embeddable":true,"href":"https:\/\/solucionesonline360.com\/index.php\/wp-json\/wp\/v2\/users\/1"}],"replies":[{"embeddable":true,"href":"https:\/\/solucionesonline360.com\/index.php\/wp-json\/wp\/v2\/comments?post=1228"}],"version-history":[{"count":52,"href":"https:\/\/solucionesonline360.com\/index.php\/wp-json\/wp\/v2\/pages\/1228\/revisions"}],"predecessor-version":[{"id":2022,"href":"https:\/\/solucionesonline360.com\/index.php\/wp-json\/wp\/v2\/pages\/1228\/revisions\/2022"}],"wp:attachment":[{"href":"https:\/\/solucionesonline360.com\/index.php\/wp-json\/wp\/v2\/media?parent=1228"}],"curies":[{"name":"wp","href":"https:\/\/api.w.org\/{rel}","templated":true}]}}