{"id":1222,"date":"2023-09-10T15:43:03","date_gmt":"2023-09-10T15:43:03","guid":{"rendered":"https:\/\/solucionesonline360.com\/?page_id=1222"},"modified":"2023-09-22T13:53:19","modified_gmt":"2023-09-22T13:53:19","slug":"testimonios","status":"publish","type":"page","link":"https:\/\/solucionesonline360.com\/index.php\/testimonios\/","title":{"rendered":"Testimonios"},"content":{"rendered":"\t\t<div data-elementor-type=\"wp-page\" data-elementor-id=\"1222\" class=\"elementor elementor-1222\" data-elementor-post-type=\"page\">\n\t\t\t\t\t\t<section class=\"elementor-section elementor-top-section elementor-element elementor-element-4508af8b elementor-section-height-min-height elementor-section-boxed elementor-section-height-default elementor-section-items-middle\" data-id=\"4508af8b\" data-element_type=\"section\" data-e-type=\"section\" data-settings=\"{&quot;background_background&quot;:&quot;classic&quot;}\">\n\t\t\t\t\t\t\t<div class=\"elementor-background-overlay\"><\/div>\n\t\t\t\t\t\t\t<div class=\"elementor-container elementor-column-gap-default\">\n\t\t\t\t\t<div class=\"elementor-column elementor-col-100 elementor-top-column elementor-element elementor-element-4a32767e\" data-id=\"4a32767e\" data-element_type=\"column\" data-e-type=\"column\">\n\t\t\t<div class=\"elementor-widget-wrap elementor-element-populated\">\n\t\t\t\t\t\t<div class=\"elementor-element elementor-element-6b3e6dd0 elementor-widget__width-auto elementor-invisible elementor-widget elementor-widget-heading\" data-id=\"6b3e6dd0\" data-element_type=\"widget\" data-e-type=\"widget\" data-settings=\"{&quot;_animation&quot;:&quot;fadeIn&quot;,&quot;_animation_delay&quot;:200}\" data-widget_type=\"heading.default\">\n\t\t\t\t<div class=\"elementor-widget-container\">\n\t\t\t\t\t<span class=\"elementor-heading-title elementor-size-default\"><a href=\"https:\/\/solucionesonline360.com\">Home<\/a><\/span>\t\t\t\t<\/div>\n\t\t\t\t<\/div>\n\t\t\t\t<div class=\"elementor-element elementor-element-7f6dcde elementor-widget__width-auto elementor-view-default elementor-invisible elementor-widget elementor-widget-icon\" data-id=\"7f6dcde\" data-element_type=\"widget\" data-e-type=\"widget\" data-settings=\"{&quot;_animation&quot;:&quot;fadeIn&quot;,&quot;_animation_delay&quot;:400}\" data-widget_type=\"icon.default\">\n\t\t\t\t<div class=\"elementor-widget-container\">\n\t\t\t\t\t\t\t<div class=\"elementor-icon-wrapper\">\n\t\t\t<div class=\"elementor-icon\">\n\t\t\t<i aria-hidden=\"true\" class=\"fas fa-angle-right\"><\/i>\t\t\t<\/div>\n\t\t<\/div>\n\t\t\t\t\t\t<\/div>\n\t\t\t\t<\/div>\n\t\t\t\t\t<\/div>\n\t\t<\/div>\n\t\t\t\t\t<\/div>\n\t\t<\/section>\n\t\t\t\t<section class=\"elementor-section elementor-top-section elementor-element elementor-element-5ca61abf elementor-section-boxed elementor-section-height-default elementor-section-height-default\" data-id=\"5ca61abf\" data-element_type=\"section\" data-e-type=\"section\" data-settings=\"{&quot;background_background&quot;:&quot;classic&quot;}\">\n\t\t\t\t\t\t<div class=\"elementor-container elementor-column-gap-default\">\n\t\t\t\t\t<div class=\"elementor-column elementor-col-33 elementor-top-column elementor-element elementor-element-48c3a7be elementor-invisible\" data-id=\"48c3a7be\" data-element_type=\"column\" data-e-type=\"column\" data-settings=\"{&quot;animation&quot;:&quot;fadeInUp&quot;}\">\n\t\t\t<div class=\"elementor-widget-wrap elementor-element-populated\">\n\t\t\t\t\t\t<div class=\"elementor-element elementor-element-1751991e elementor-widget elementor-widget-heading\" data-id=\"1751991e\" data-element_type=\"widget\" data-e-type=\"widget\" data-widget_type=\"heading.default\">\n\t\t\t\t<div class=\"elementor-widget-container\">\n\t\t\t\t\t<div class=\"elementor-heading-title elementor-size-default\">Testimonios<\/div>\t\t\t\t<\/div>\n\t\t\t\t<\/div>\n\t\t\t\t<div class=\"elementor-element elementor-element-4379276 elementor-widget elementor-widget-icon-box\" data-id=\"4379276\" data-element_type=\"widget\" data-e-type=\"widget\" data-widget_type=\"icon-box.default\">\n\t\t\t\t<div class=\"elementor-widget-container\">\n\t\t\t\t\t\t\t<div class=\"elementor-icon-box-wrapper\">\n\n\t\t\t\n\t\t\t\t\t\t<div class=\"elementor-icon-box-content\">\n\n\t\t\t\t\t\t\t\t\t<h2 class=\"elementor-icon-box-title\">\n\t\t\t\t\t\t<span  >\n\t\t\t\t\t\t\tEscuchemos lo que dicen.\t\t\t\t\t\t<\/span>\n\t\t\t\t\t<\/h2>\n\t\t\t\t\n\t\t\t\t\t\t\t\t\t<p class=\"elementor-icon-box-description\">\n\t\t\t\t\t\tLas Voces de Nuestros Clientes: Testimonios de Satisfacci\u00f3n y \u00c9xito\t\t\t\t\t<\/p>\n\t\t\t\t\n\t\t\t<\/div>\n\t\t\t\n\t\t<\/div>\n\t\t\t\t\t\t<\/div>\n\t\t\t\t<\/div>\n\t\t\t\t\t<\/div>\n\t\t<\/div>\n\t\t\t\t<div class=\"elementor-column elementor-col-33 elementor-top-column elementor-element elementor-element-3d603658 elementor-invisible\" data-id=\"3d603658\" data-element_type=\"column\" data-e-type=\"column\" data-settings=\"{&quot;background_background&quot;:&quot;classic&quot;,&quot;animation&quot;:&quot;fadeInUp&quot;,&quot;animation_delay&quot;:200}\">\n\t\t\t<div class=\"elementor-widget-wrap elementor-element-populated\">\n\t\t\t\t\t<div class=\"elementor-background-overlay\"><\/div>\n\t\t\t\t\t\t<div class=\"elementor-element elementor-element-ce00ea elementor-widget elementor-widget-heading\" data-id=\"ce00ea\" data-element_type=\"widget\" data-e-type=\"widget\" data-widget_type=\"heading.default\">\n\t\t\t\t<div class=\"elementor-widget-container\">\n\t\t\t\t\t<div class=\"elementor-heading-title elementor-size-default\">Experiencia<\/div>\t\t\t\t<\/div>\n\t\t\t\t<\/div>\n\t\t\t\t<div class=\"elementor-element elementor-element-4358379a elementor-widget elementor-widget-testimonial\" data-id=\"4358379a\" data-element_type=\"widget\" data-e-type=\"widget\" data-widget_type=\"testimonial.default\">\n\t\t\t\t<div class=\"elementor-widget-container\">\n\t\t\t\t\t\t\t<div class=\"elementor-testimonial-wrapper\">\n\t\t\t\t\t\t\t<div class=\"elementor-testimonial-content\">.El servicio que hemos recibido ha superado todas nuestras expectativas. Siempre est\u00e1n atentos y dispuestos a resolver cualquier pregunta que tengamos. Nuestra p\u00e1gina web ha quedado mucho mejor de lo que hab\u00edamos imaginado. \u00a1No podr\u00edamos estar m\u00e1s satisfechos!<\/div>\n\t\t\t\n\t\t\t\t\t\t<div class=\"elementor-testimonial-meta elementor-has-image elementor-testimonial-image-position-aside\">\n\t\t\t\t<div class=\"elementor-testimonial-meta-inner\">\n\t\t\t\t\t\t\t\t\t\t\t<div class=\"elementor-testimonial-image\">\n\t\t\t\t\t\t\t<img decoding=\"async\" src=\"https:\/\/solucionesonline360.com\/wp-content\/uploads\/elementor\/thumbs\/img-section-team-02-min-qc2t72stbpbr5hgfrb0xnb34g0ejkvn1ii32o2xnrc.jpg\" title=\"img-section-team-02-min.jpg\" alt=\"img-section-team-02-min.jpg\" loading=\"lazy\" \/>\t\t\t\t\t\t<\/div>\n\t\t\t\t\t\n\t\t\t\t\t\t\t\t\t\t<div class=\"elementor-testimonial-details\">\n\t\t\t\t\t\t\t\t\t\t\t\t\t\t<div class=\"elementor-testimonial-name\">Christine<\/div>\n\t\t\t\t\t\t\t\t\t\t\t\t\t\t\t\t\t\t\t\t\t\t<div class=\"elementor-testimonial-job\">Customer<\/div>\n\t\t\t\t\t\t\t\t\t\t\t\t\t<\/div>\n\t\t\t\t\t\t\t\t\t<\/div>\n\t\t\t<\/div>\n\t\t\t\t\t<\/div>\n\t\t\t\t\t\t<\/div>\n\t\t\t\t<\/div>\n\t\t\t\t\t<\/div>\n\t\t<\/div>\n\t\t\t\t<div class=\"elementor-column elementor-col-33 elementor-top-column elementor-element elementor-element-26ef1e25 elementor-invisible\" data-id=\"26ef1e25\" data-element_type=\"column\" data-e-type=\"column\" data-settings=\"{&quot;background_background&quot;:&quot;classic&quot;,&quot;animation&quot;:&quot;fadeInUp&quot;,&quot;animation_delay&quot;:400}\">\n\t\t\t<div class=\"elementor-widget-wrap elementor-element-populated\">\n\t\t\t\t\t<div class=\"elementor-background-overlay\"><\/div>\n\t\t\t\t\t\t<div class=\"elementor-element elementor-element-5637b94d elementor-widget elementor-widget-heading\" data-id=\"5637b94d\" data-element_type=\"widget\" data-e-type=\"widget\" data-widget_type=\"heading.default\">\n\t\t\t\t<div class=\"elementor-widget-container\">\n\t\t\t\t\t<div class=\"elementor-heading-title elementor-size-default\">Compromiso<\/div>\t\t\t\t<\/div>\n\t\t\t\t<\/div>\n\t\t\t\t<div class=\"elementor-element elementor-element-2f12c831 elementor-widget elementor-widget-testimonial\" data-id=\"2f12c831\" data-element_type=\"widget\" data-e-type=\"widget\" data-widget_type=\"testimonial.default\">\n\t\t\t\t<div class=\"elementor-widget-container\">\n\t\t\t\t\t\t\t<div class=\"elementor-testimonial-wrapper\">\n\t\t\t\t\t\t\t<div class=\"elementor-testimonial-content\">Elegir trabajar con SolucionesOnline360 ha sido la mejor elecci\u00f3n que he tomado. Si buscas a alguien que comprenda a fondo tus ideas y sea capaz de crear una marca exitosa, has llegado al lugar adecuado<\/div>\n\t\t\t\n\t\t\t\t\t\t<div class=\"elementor-testimonial-meta elementor-has-image elementor-testimonial-image-position-aside\">\n\t\t\t\t<div class=\"elementor-testimonial-meta-inner\">\n\t\t\t\t\t\t\t\t\t\t\t<div class=\"elementor-testimonial-image\">\n\t\t\t\t\t\t\t<img decoding=\"async\" src=\"https:\/\/solucionesonline360.com\/wp-content\/uploads\/elementor\/thumbs\/img-section-team-03-min-qc2t76k631gwfxaz5cnfxa4ytjw0fo1yv0p0l6s32g.jpg\" title=\"img-section-team-03-min.jpg\" alt=\"img-section-team-03-min.jpg\" loading=\"lazy\" \/>\t\t\t\t\t\t<\/div>\n\t\t\t\t\t\n\t\t\t\t\t\t\t\t\t\t<div class=\"elementor-testimonial-details\">\n\t\t\t\t\t\t\t\t\t\t\t\t\t\t<div class=\"elementor-testimonial-name\">Janey<\/div>\n\t\t\t\t\t\t\t\t\t\t\t\t\t\t\t\t\t\t\t\t\t\t<div class=\"elementor-testimonial-job\">Customer<\/div>\n\t\t\t\t\t\t\t\t\t\t\t\t\t<\/div>\n\t\t\t\t\t\t\t\t\t<\/div>\n\t\t\t<\/div>\n\t\t\t\t\t<\/div>\n\t\t\t\t\t\t<\/div>\n\t\t\t\t<\/div>\n\t\t\t\t\t<\/div>\n\t\t<\/div>\n\t\t\t\t\t<\/div>\n\t\t<\/section>\n\t\t\t\t<\/div>\n\t\t","protected":false},"excerpt":{"rendered":"<p>Home Testimonios Escuchemos lo que dicen. Las Voces de Nuestros Clientes: Testimonios de Satisfacci\u00f3n y \u00c9xito Experiencia .El servicio que hemos recibido ha superado todas nuestras expectativas. Siempre est\u00e1n atentos y dispuestos a resolver cualquier pregunta que tengamos. Nuestra p\u00e1gina web ha quedado mucho mejor de lo que hab\u00edamos imaginado. \u00a1No podr\u00edamos estar m\u00e1s satisfechos! [&hellip;]<\/p>\n","protected":false},"author":1,"featured_media":0,"parent":0,"menu_order":0,"comment_status":"closed","ping_status":"closed","template":"","meta":{"_joinchat":[],"footnotes":""},"class_list":["post-1222","page","type-page","status-publish","hentry"],"yoast_head":"<!-- This site is optimized with the Yoast SEO plugin v26.5 - https:\/\/yoast.com\/wordpress\/plugins\/seo\/ -->\n<title>Testimonios | Soluciones Online 360<\/title>\n<meta name=\"robots\" content=\"index, follow, max-snippet:-1, max-image-preview:large, max-video-preview:-1\" \/>\n<link rel=\"canonical\" href=\"https:\/\/solucionesonline360.com\/index.php\/testimonios\/\" \/>\n<meta property=\"og:locale\" content=\"es_ES\" \/>\n<meta property=\"og:type\" content=\"article\" \/>\n<meta property=\"og:title\" content=\"Testimonios | Soluciones Online 360\" \/>\n<meta property=\"og:description\" content=\"Home Testimonios Escuchemos lo que dicen. Las Voces de Nuestros Clientes: Testimonios de Satisfacci\u00f3n y \u00c9xito Experiencia .El servicio que hemos recibido ha superado todas nuestras expectativas. Siempre est\u00e1n atentos y dispuestos a resolver cualquier pregunta que tengamos. Nuestra p\u00e1gina web ha quedado mucho mejor de lo que hab\u00edamos imaginado. \u00a1No podr\u00edamos estar m\u00e1s satisfechos! [&hellip;]\" \/>\n<meta property=\"og:url\" content=\"https:\/\/solucionesonline360.com\/index.php\/testimonios\/\" \/>\n<meta property=\"og:site_name\" content=\"Soluciones Online 360\" \/>\n<meta property=\"article:publisher\" content=\"https:\/\/www.facebook.com\/profile.php?id=61555618569663\" \/>\n<meta property=\"article:modified_time\" content=\"2023-09-22T13:53:19+00:00\" \/>\n<meta property=\"og:image\" content=\"https:\/\/solucionesonline360.com\/wp-content\/uploads\/elementor\/thumbs\/img-section-team-02-min-qc2t72stbpbr5hgfrb0xnb34g0ejkvn1ii32ft8tfk.jpg\" \/>\n<meta name=\"twitter:card\" content=\"summary_large_image\" \/>\n<meta name=\"twitter:site\" content=\"@S_Online360\" \/>\n<meta name=\"twitter:label1\" content=\"Tiempo de lectura\" \/>\n\t<meta name=\"twitter:data1\" content=\"1 minuto\" \/>\n<script type=\"application\/ld+json\" class=\"yoast-schema-graph\">{\"@context\":\"https:\/\/schema.org\",\"@graph\":[{\"@type\":\"WebPage\",\"@id\":\"https:\/\/solucionesonline360.com\/index.php\/testimonios\/\",\"url\":\"https:\/\/solucionesonline360.com\/index.php\/testimonios\/\",\"name\":\"Testimonios | Soluciones Online 360\",\"isPartOf\":{\"@id\":\"https:\/\/solucionesonline360.com\/#website\"},\"primaryImageOfPage\":{\"@id\":\"https:\/\/solucionesonline360.com\/index.php\/testimonios\/#primaryimage\"},\"image\":{\"@id\":\"https:\/\/solucionesonline360.com\/index.php\/testimonios\/#primaryimage\"},\"thumbnailUrl\":\"https:\/\/solucionesonline360.com\/wp-content\/uploads\/elementor\/thumbs\/img-section-team-02-min-qc2t72stbpbr5hgfrb0xnb34g0ejkvn1ii32ft8tfk.jpg\",\"datePublished\":\"2023-09-10T15:43:03+00:00\",\"dateModified\":\"2023-09-22T13:53:19+00:00\",\"breadcrumb\":{\"@id\":\"https:\/\/solucionesonline360.com\/index.php\/testimonios\/#breadcrumb\"},\"inLanguage\":\"es\",\"potentialAction\":[{\"@type\":\"ReadAction\",\"target\":[\"https:\/\/solucionesonline360.com\/index.php\/testimonios\/\"]}]},{\"@type\":\"ImageObject\",\"inLanguage\":\"es\",\"@id\":\"https:\/\/solucionesonline360.com\/index.php\/testimonios\/#primaryimage\",\"url\":\"https:\/\/solucionesonline360.com\/wp-content\/uploads\/elementor\/thumbs\/img-section-team-02-min-qc2t72stbpbr5hgfrb0xnb34g0ejkvn1ii32ft8tfk.jpg\",\"contentUrl\":\"https:\/\/solucionesonline360.com\/wp-content\/uploads\/elementor\/thumbs\/img-section-team-02-min-qc2t72stbpbr5hgfrb0xnb34g0ejkvn1ii32ft8tfk.jpg\"},{\"@type\":\"BreadcrumbList\",\"@id\":\"https:\/\/solucionesonline360.com\/index.php\/testimonios\/#breadcrumb\",\"itemListElement\":[{\"@type\":\"ListItem\",\"position\":1,\"name\":\"Portada\",\"item\":\"https:\/\/solucionesonline360.com\/\"},{\"@type\":\"ListItem\",\"position\":2,\"name\":\"Testimonios\"}]},{\"@type\":\"WebSite\",\"@id\":\"https:\/\/solucionesonline360.com\/#website\",\"url\":\"https:\/\/solucionesonline360.com\/\",\"name\":\"Soluciones Online 360\",\"description\":\"Agencia  Web\",\"publisher\":{\"@id\":\"https:\/\/solucionesonline360.com\/#\/schema\/person\/0ff10b30e862a01d2dacd521f5d62ac7\"},\"alternateName\":\"Agencia Creativa De Paginas Web\",\"potentialAction\":[{\"@type\":\"SearchAction\",\"target\":{\"@type\":\"EntryPoint\",\"urlTemplate\":\"https:\/\/solucionesonline360.com\/?s={search_term_string}\"},\"query-input\":{\"@type\":\"PropertyValueSpecification\",\"valueRequired\":true,\"valueName\":\"search_term_string\"}}],\"inLanguage\":\"es\"},{\"@type\":[\"Person\",\"Organization\"],\"@id\":\"https:\/\/solucionesonline360.com\/#\/schema\/person\/0ff10b30e862a01d2dacd521f5d62ac7\",\"name\":\"erickquevedom\",\"image\":{\"@type\":\"ImageObject\",\"inLanguage\":\"es\",\"@id\":\"https:\/\/solucionesonline360.com\/#\/schema\/person\/image\/\",\"url\":\"https:\/\/solucionesonline360.com\/wp-content\/uploads\/2023\/09\/Logo-Solociones-Online-360-Trasparencia.png\",\"contentUrl\":\"https:\/\/solucionesonline360.com\/wp-content\/uploads\/2023\/09\/Logo-Solociones-Online-360-Trasparencia.png\",\"width\":500,\"height\":500,\"caption\":\"erickquevedom\"},\"logo\":{\"@id\":\"https:\/\/solucionesonline360.com\/#\/schema\/person\/image\/\"},\"description\":\"Transformamos ideas en experiencias digitales. Descubre nuestro enfoque creativo y experto en desarrollo web para tu p\u00e1gina de dise\u00f1o web perfecta.\",\"sameAs\":[\"https:\/\/solucionesonline360.com\",\"https:\/\/www.facebook.com\/profile.php?id=61555618569663\",\"https:\/\/www.instagram.com\/solucionesonline360\/\",\"https:\/\/x.com\/https:\/\/twitter.com\/S_Online360\"]}]}<\/script>\n<!-- \/ Yoast SEO plugin. -->","yoast_head_json":{"title":"Testimonios | Soluciones Online 360","robots":{"index":"index","follow":"follow","max-snippet":"max-snippet:-1","max-image-preview":"max-image-preview:large","max-video-preview":"max-video-preview:-1"},"canonical":"https:\/\/solucionesonline360.com\/index.php\/testimonios\/","og_locale":"es_ES","og_type":"article","og_title":"Testimonios | Soluciones Online 360","og_description":"Home Testimonios Escuchemos lo que dicen. Las Voces de Nuestros Clientes: Testimonios de Satisfacci\u00f3n y \u00c9xito Experiencia .El servicio que hemos recibido ha superado todas nuestras expectativas. Siempre est\u00e1n atentos y dispuestos a resolver cualquier pregunta que tengamos. Nuestra p\u00e1gina web ha quedado mucho mejor de lo que hab\u00edamos imaginado. \u00a1No podr\u00edamos estar m\u00e1s satisfechos! [&hellip;]","og_url":"https:\/\/solucionesonline360.com\/index.php\/testimonios\/","og_site_name":"Soluciones Online 360","article_publisher":"https:\/\/www.facebook.com\/profile.php?id=61555618569663","article_modified_time":"2023-09-22T13:53:19+00:00","og_image":[{"url":"https:\/\/solucionesonline360.com\/wp-content\/uploads\/elementor\/thumbs\/img-section-team-02-min-qc2t72stbpbr5hgfrb0xnb34g0ejkvn1ii32ft8tfk.jpg","type":"","width":"","height":""}],"twitter_card":"summary_large_image","twitter_site":"@S_Online360","twitter_misc":{"Tiempo de lectura":"1 minuto"},"schema":{"@context":"https:\/\/schema.org","@graph":[{"@type":"WebPage","@id":"https:\/\/solucionesonline360.com\/index.php\/testimonios\/","url":"https:\/\/solucionesonline360.com\/index.php\/testimonios\/","name":"Testimonios | Soluciones Online 360","isPartOf":{"@id":"https:\/\/solucionesonline360.com\/#website"},"primaryImageOfPage":{"@id":"https:\/\/solucionesonline360.com\/index.php\/testimonios\/#primaryimage"},"image":{"@id":"https:\/\/solucionesonline360.com\/index.php\/testimonios\/#primaryimage"},"thumbnailUrl":"https:\/\/solucionesonline360.com\/wp-content\/uploads\/elementor\/thumbs\/img-section-team-02-min-qc2t72stbpbr5hgfrb0xnb34g0ejkvn1ii32ft8tfk.jpg","datePublished":"2023-09-10T15:43:03+00:00","dateModified":"2023-09-22T13:53:19+00:00","breadcrumb":{"@id":"https:\/\/solucionesonline360.com\/index.php\/testimonios\/#breadcrumb"},"inLanguage":"es","potentialAction":[{"@type":"ReadAction","target":["https:\/\/solucionesonline360.com\/index.php\/testimonios\/"]}]},{"@type":"ImageObject","inLanguage":"es","@id":"https:\/\/solucionesonline360.com\/index.php\/testimonios\/#primaryimage","url":"https:\/\/solucionesonline360.com\/wp-content\/uploads\/elementor\/thumbs\/img-section-team-02-min-qc2t72stbpbr5hgfrb0xnb34g0ejkvn1ii32ft8tfk.jpg","contentUrl":"https:\/\/solucionesonline360.com\/wp-content\/uploads\/elementor\/thumbs\/img-section-team-02-min-qc2t72stbpbr5hgfrb0xnb34g0ejkvn1ii32ft8tfk.jpg"},{"@type":"BreadcrumbList","@id":"https:\/\/solucionesonline360.com\/index.php\/testimonios\/#breadcrumb","itemListElement":[{"@type":"ListItem","position":1,"name":"Portada","item":"https:\/\/solucionesonline360.com\/"},{"@type":"ListItem","position":2,"name":"Testimonios"}]},{"@type":"WebSite","@id":"https:\/\/solucionesonline360.com\/#website","url":"https:\/\/solucionesonline360.com\/","name":"Soluciones Online 360","description":"Agencia  Web","publisher":{"@id":"https:\/\/solucionesonline360.com\/#\/schema\/person\/0ff10b30e862a01d2dacd521f5d62ac7"},"alternateName":"Agencia Creativa De Paginas Web","potentialAction":[{"@type":"SearchAction","target":{"@type":"EntryPoint","urlTemplate":"https:\/\/solucionesonline360.com\/?s={search_term_string}"},"query-input":{"@type":"PropertyValueSpecification","valueRequired":true,"valueName":"search_term_string"}}],"inLanguage":"es"},{"@type":["Person","Organization"],"@id":"https:\/\/solucionesonline360.com\/#\/schema\/person\/0ff10b30e862a01d2dacd521f5d62ac7","name":"erickquevedom","image":{"@type":"ImageObject","inLanguage":"es","@id":"https:\/\/solucionesonline360.com\/#\/schema\/person\/image\/","url":"https:\/\/solucionesonline360.com\/wp-content\/uploads\/2023\/09\/Logo-Solociones-Online-360-Trasparencia.png","contentUrl":"https:\/\/solucionesonline360.com\/wp-content\/uploads\/2023\/09\/Logo-Solociones-Online-360-Trasparencia.png","width":500,"height":500,"caption":"erickquevedom"},"logo":{"@id":"https:\/\/solucionesonline360.com\/#\/schema\/person\/image\/"},"description":"Transformamos ideas en experiencias digitales. Descubre nuestro enfoque creativo y experto en desarrollo web para tu p\u00e1gina de dise\u00f1o web perfecta.","sameAs":["https:\/\/solucionesonline360.com","https:\/\/www.facebook.com\/profile.php?id=61555618569663","https:\/\/www.instagram.com\/solucionesonline360\/","https:\/\/x.com\/https:\/\/twitter.com\/S_Online360"]}]}},"_links":{"self":[{"href":"https:\/\/solucionesonline360.com\/index.php\/wp-json\/wp\/v2\/pages\/1222","targetHints":{"allow":["GET"]}}],"collection":[{"href":"https:\/\/solucionesonline360.com\/index.php\/wp-json\/wp\/v2\/pages"}],"about":[{"href":"https:\/\/solucionesonline360.com\/index.php\/wp-json\/wp\/v2\/types\/page"}],"author":[{"embeddable":true,"href":"https:\/\/solucionesonline360.com\/index.php\/wp-json\/wp\/v2\/users\/1"}],"replies":[{"embeddable":true,"href":"https:\/\/solucionesonline360.com\/index.php\/wp-json\/wp\/v2\/comments?post=1222"}],"version-history":[{"count":10,"href":"https:\/\/solucionesonline360.com\/index.php\/wp-json\/wp\/v2\/pages\/1222\/revisions"}],"predecessor-version":[{"id":1944,"href":"https:\/\/solucionesonline360.com\/index.php\/wp-json\/wp\/v2\/pages\/1222\/revisions\/1944"}],"wp:attachment":[{"href":"https:\/\/solucionesonline360.com\/index.php\/wp-json\/wp\/v2\/media?parent=1222"}],"curies":[{"name":"wp","href":"https:\/\/api.w.org\/{rel}","templated":true}]}}